{"id":213830,"date":"2024-03-01T09:04:27","date_gmt":"2024-03-01T08:04:27","guid":{"rendered":"https:\/\/bikemember.no\/syklistforeningen\/"},"modified":"2024-03-22T22:50:09","modified_gmt":"2024-03-22T21:50:09","slug":"syklistforeningen","status":"publish","type":"page","link":"https:\/\/bikemember.no\/en\/syklistforeningen\/","title":{"rendered":"Bli medlem i Syklistforeningen &#8211; f\u00e5 Bikemember p\u00e5 kj\u00f8pet"},"content":{"rendered":"<p>Medlemmer av\u00a0<a href=\"https:\/\/syklistforeningen.no\">Syklistforeningen<\/a>\u00a0f\u00e5r <strong>GRATIS<\/strong>\u00a0registrering i Bikemember Sykkelregister. F\u00e5 en tryggere sykkelhverdag med Bike-ID oblat!<\/p>\n<p>Ved \u00e5 registrere sykkelens rammenummer i Bikemembers enkle og FG-godkjente sykkelregister, kan du redusere egenandelen din ved tyveri med inntil 2.000 kr.<\/p>\n<p>\u2705\u00a0Redusert egenandel (inntil 2.000 kr)<\/p>\n<p>\u2705\u00a0Lettere \u00e5 finne tilbake til sykkelen<\/p>\n<p>\u2705\u00a0Avskrekkende for tyver \u2013 reduserer sannsynligheten for tyveri<\/p>\n<p>\u2705\u00a0FG-godkjent sykkelregister<\/p>\n<p>F\u00e5 ro i sjelen n\u00e5r du parkerer sykkelen.<\/p>\n<p>Les mer om hvordan sykkelregisteret fungerer\u00a0<a href=\"https:\/\/bikemember.no\/en\/how-it-works\/\">HER<\/a><a href=\"https:\/\/bikemember.no\/en\/how-it-works\/\">.<\/a><\/p>\n<h3>Hvordan f\u00e5 GRATIS registrering i Bikemember<\/h3>\n<p>Har du allerede rabattkode? Trykk <a href=\"https:\/\/bikemember.no\/en\/checkout-2\/\"><u>HER<\/u><\/a> og velg 1-\u00e5rig abonnement for En sykkel eller Ubegrenset antal sykler.<\/p>\n<p>Er du allerede medlem? <i>Kontakt Syklistforeningen: <a href=\"mailto:post@syklistforeningen.no\">post@syklistforeningen.no<\/a><\/i><\/p>\n<h3><img decoding=\"async\" class=\"alignnone wp-image-43819\" src=\"https:\/\/dev.viaduct.pro\/bikekeeper\/wp-content\/uploads\/2024\/02\/Bikemember-metrics-report-300x169.png\" alt=\"\" width=\"584\" height=\"329\" \/><\/h3>\n<h3>Hvem er Syklistforeningen?<\/h3>\n<p>Syklistforeningen er Norges eneste medlemsorganisasjon for hverdagssykling. Siden 1947 har Syklistforeningen jobbet for at det skal bli bedre for deg \u00e5 sykle. Syklistforeningen jobber med politisk p\u00e5virkning overfor Stortinget, regjeringen, lokalpolitikere og forvaltning, og samarbeider med andre frivillige organisasjoner.<\/p>\n<p>Syklistforeningen jobber for at flest mulig skal se p\u00e5 sykkelen som l\u00f8sningen i hverdagen \u2013 som framkomstmiddel til jobb, i hverdagen ellers og som kilde til opplevelser og bedre helse. Dette m\u00e5let jobber Syklistforeningen for \u00e5 n\u00e5 gjennom prosjekter som <a href=\"https:\/\/syklistforeningen.no\/prosjekter\/sykkelvennlig-arbeidsplass\/\">Sykkelvennlig arbeidsplass<\/a>\u00a0og <a href=\"https:\/\/syklistforeningen.no\/prosjekter\/sykkelkurs\/\">sykkelkurs<\/a>.<\/p>\n<p>Syklistforeningen tilbyr medlemmene en rekke <a href=\"https:\/\/syklistforeningen.no\/medlemskap\/medlemsfordeler\/\">fordeler<\/a>. Det skal l\u00f8nne seg \u00e5 sykle, og det l\u00f8nner seg \u00e5 v\u00e6re medlem.<\/p>\n","protected":false},"excerpt":{"rendered":"<p>Medlemmer av\u00a0Syklistforeningen\u00a0f\u00e5r GRATIS\u00a0registrering i Bikemember Sykkelregister. F\u00e5 en tryggere sykkelhverdag med Bike-ID oblat! Ved \u00e5 registrere sykkelens rammenummer i Bikemembers enkle og FG-godkjente sykkelregister, kan du redusere egenandelen din ved tyveri med inntil 2.000 kr. \u2705\u00a0Redusert egenandel (inntil 2.000 kr) \u2705\u00a0Lettere \u00e5 finne tilbake til sykkelen \u2705\u00a0Avskrekkende for tyver \u2013 reduserer sannsynligheten for tyveri \u2705\u00a0FG-godkjent [&hellip;]<\/p>\n","protected":false},"author":1,"featured_media":0,"parent":0,"menu_order":0,"comment_status":"closed","ping_status":"closed","template":"templates\/tmpl-text-backgrounded-page.php","meta":{"inline_featured_image":false,"footnotes":""},"class_list":["post-213830","page","type-page","status-publish","hentry"],"yoast_head":"<!-- This site is optimized with the Yoast SEO plugin v23.8 - https:\/\/yoast.com\/wordpress\/plugins\/seo\/ -->\n<title>Bli medlem i Syklistforeningen - f\u00e5 Bikemember p\u00e5 kj\u00f8pet - BikeMember<\/title>\n<meta name=\"robots\" content=\"index, follow, max-snippet:-1, max-image-preview:large, max-video-preview:-1\" \/>\n<link rel=\"canonical\" href=\"https:\/\/bikemember.no\/en\/syklistforeningen\/\" \/>\n<meta property=\"og:locale\" content=\"en_US\" \/>\n<meta property=\"og:type\" content=\"article\" \/>\n<meta property=\"og:title\" content=\"Bli medlem i Syklistforeningen - f\u00e5 Bikemember p\u00e5 kj\u00f8pet - BikeMember\" \/>\n<meta property=\"og:description\" content=\"Medlemmer av\u00a0Syklistforeningen\u00a0f\u00e5r GRATIS\u00a0registrering i Bikemember Sykkelregister. F\u00e5 en tryggere sykkelhverdag med Bike-ID oblat! Ved \u00e5 registrere sykkelens rammenummer i Bikemembers enkle og FG-godkjente sykkelregister, kan du redusere egenandelen din ved tyveri med inntil 2.000 kr. \u2705\u00a0Redusert egenandel (inntil 2.000 kr) \u2705\u00a0Lettere \u00e5 finne tilbake til sykkelen \u2705\u00a0Avskrekkende for tyver \u2013 reduserer sannsynligheten for tyveri \u2705\u00a0FG-godkjent [&hellip;]\" \/>\n<meta property=\"og:url\" content=\"https:\/\/bikemember.no\/en\/syklistforeningen\/\" \/>\n<meta property=\"og:site_name\" content=\"BikeMember\" \/>\n<meta property=\"article:modified_time\" content=\"2024-03-22T21:50:09+00:00\" \/>\n<meta property=\"og:image\" content=\"https:\/\/dev.viaduct.pro\/bikekeeper\/wp-content\/uploads\/2024\/02\/Bikemember-metrics-report-300x169.png\" \/>\n<meta name=\"twitter:card\" content=\"summary_large_image\" \/>\n<meta name=\"twitter:label1\" content=\"Est. reading time\" \/>\n\t<meta name=\"twitter:data1\" content=\"2 minutes\" \/>\n<script type=\"application\/ld+json\" class=\"yoast-schema-graph\">{\"@context\":\"https:\/\/schema.org\",\"@graph\":[{\"@type\":\"WebPage\",\"@id\":\"https:\/\/bikemember.no\/en\/syklistforeningen\/\",\"url\":\"https:\/\/bikemember.no\/en\/syklistforeningen\/\",\"name\":\"Bli medlem i Syklistforeningen - f\u00e5 Bikemember p\u00e5 kj\u00f8pet - BikeMember\",\"isPartOf\":{\"@id\":\"https:\/\/bikemember.no\/#website\"},\"primaryImageOfPage\":{\"@id\":\"https:\/\/bikemember.no\/en\/syklistforeningen\/#primaryimage\"},\"image\":{\"@id\":\"https:\/\/bikemember.no\/en\/syklistforeningen\/#primaryimage\"},\"thumbnailUrl\":\"https:\/\/dev.viaduct.pro\/bikekeeper\/wp-content\/uploads\/2024\/02\/Bikemember-metrics-report-300x169.png\",\"datePublished\":\"2024-03-01T08:04:27+00:00\",\"dateModified\":\"2024-03-22T21:50:09+00:00\",\"breadcrumb\":{\"@id\":\"https:\/\/bikemember.no\/en\/syklistforeningen\/#breadcrumb\"},\"inLanguage\":\"en-US\",\"potentialAction\":[{\"@type\":\"ReadAction\",\"target\":[\"https:\/\/bikemember.no\/en\/syklistforeningen\/\"]}]},{\"@type\":\"ImageObject\",\"inLanguage\":\"en-US\",\"@id\":\"https:\/\/bikemember.no\/en\/syklistforeningen\/#primaryimage\",\"url\":\"https:\/\/dev.viaduct.pro\/bikekeeper\/wp-content\/uploads\/2024\/02\/Bikemember-metrics-report-300x169.png\",\"contentUrl\":\"https:\/\/dev.viaduct.pro\/bikekeeper\/wp-content\/uploads\/2024\/02\/Bikemember-metrics-report-300x169.png\"},{\"@type\":\"BreadcrumbList\",\"@id\":\"https:\/\/bikemember.no\/en\/syklistforeningen\/#breadcrumb\",\"itemListElement\":[{\"@type\":\"ListItem\",\"position\":1,\"name\":\"Home\",\"item\":\"https:\/\/bikemember.no\/en\/front-page\/\"},{\"@type\":\"ListItem\",\"position\":2,\"name\":\"Bli medlem i Syklistforeningen &#8211; f\u00e5 Bikemember p\u00e5 kj\u00f8pet\"}]},{\"@type\":\"WebSite\",\"@id\":\"https:\/\/bikemember.no\/#website\",\"url\":\"https:\/\/bikemember.no\/\",\"name\":\"BikeMember\",\"description\":\"Sykkelregister\",\"publisher\":{\"@id\":\"https:\/\/bikemember.no\/#organization\"},\"potentialAction\":[{\"@type\":\"SearchAction\",\"target\":{\"@type\":\"EntryPoint\",\"urlTemplate\":\"https:\/\/bikemember.no\/?s={search_term_string}\"},\"query-input\":{\"@type\":\"PropertyValueSpecification\",\"valueRequired\":true,\"valueName\":\"search_term_string\"}}],\"inLanguage\":\"en-US\"},{\"@type\":\"Organization\",\"@id\":\"https:\/\/bikemember.no\/#organization\",\"name\":\"Bikemember AS\",\"url\":\"https:\/\/bikemember.no\/\",\"logo\":{\"@type\":\"ImageObject\",\"inLanguage\":\"en-US\",\"@id\":\"https:\/\/bikemember.no\/#\/schema\/logo\/image\/\",\"url\":\"https:\/\/bikemember.no\/wp-content\/uploads\/2017\/12\/BikeMember-logo.png\",\"contentUrl\":\"https:\/\/bikemember.no\/wp-content\/uploads\/2017\/12\/BikeMember-logo.png\",\"width\":512,\"height\":512,\"caption\":\"Bikemember AS\"},\"image\":{\"@id\":\"https:\/\/bikemember.no\/#\/schema\/logo\/image\/\"}}]}<\/script>\n<!-- \/ Yoast SEO plugin. -->","yoast_head_json":{"title":"Bli medlem i Syklistforeningen - f\u00e5 Bikemember p\u00e5 kj\u00f8pet - BikeMember","robots":{"index":"index","follow":"follow","max-snippet":"max-snippet:-1","max-image-preview":"max-image-preview:large","max-video-preview":"max-video-preview:-1"},"canonical":"https:\/\/bikemember.no\/en\/syklistforeningen\/","og_locale":"en_US","og_type":"article","og_title":"Bli medlem i Syklistforeningen - f\u00e5 Bikemember p\u00e5 kj\u00f8pet - BikeMember","og_description":"Medlemmer av\u00a0Syklistforeningen\u00a0f\u00e5r GRATIS\u00a0registrering i Bikemember Sykkelregister. F\u00e5 en tryggere sykkelhverdag med Bike-ID oblat! Ved \u00e5 registrere sykkelens rammenummer i Bikemembers enkle og FG-godkjente sykkelregister, kan du redusere egenandelen din ved tyveri med inntil 2.000 kr. \u2705\u00a0Redusert egenandel (inntil 2.000 kr) \u2705\u00a0Lettere \u00e5 finne tilbake til sykkelen \u2705\u00a0Avskrekkende for tyver \u2013 reduserer sannsynligheten for tyveri \u2705\u00a0FG-godkjent [&hellip;]","og_url":"https:\/\/bikemember.no\/en\/syklistforeningen\/","og_site_name":"BikeMember","article_modified_time":"2024-03-22T21:50:09+00:00","og_image":[{"url":"https:\/\/dev.viaduct.pro\/bikekeeper\/wp-content\/uploads\/2024\/02\/Bikemember-metrics-report-300x169.png"}],"twitter_card":"summary_large_image","twitter_misc":{"Est. reading time":"2 minutes"},"schema":{"@context":"https:\/\/schema.org","@graph":[{"@type":"WebPage","@id":"https:\/\/bikemember.no\/en\/syklistforeningen\/","url":"https:\/\/bikemember.no\/en\/syklistforeningen\/","name":"Bli medlem i Syklistforeningen - f\u00e5 Bikemember p\u00e5 kj\u00f8pet - BikeMember","isPartOf":{"@id":"https:\/\/bikemember.no\/#website"},"primaryImageOfPage":{"@id":"https:\/\/bikemember.no\/en\/syklistforeningen\/#primaryimage"},"image":{"@id":"https:\/\/bikemember.no\/en\/syklistforeningen\/#primaryimage"},"thumbnailUrl":"https:\/\/dev.viaduct.pro\/bikekeeper\/wp-content\/uploads\/2024\/02\/Bikemember-metrics-report-300x169.png","datePublished":"2024-03-01T08:04:27+00:00","dateModified":"2024-03-22T21:50:09+00:00","breadcrumb":{"@id":"https:\/\/bikemember.no\/en\/syklistforeningen\/#breadcrumb"},"inLanguage":"en-US","potentialAction":[{"@type":"ReadAction","target":["https:\/\/bikemember.no\/en\/syklistforeningen\/"]}]},{"@type":"ImageObject","inLanguage":"en-US","@id":"https:\/\/bikemember.no\/en\/syklistforeningen\/#primaryimage","url":"https:\/\/dev.viaduct.pro\/bikekeeper\/wp-content\/uploads\/2024\/02\/Bikemember-metrics-report-300x169.png","contentUrl":"https:\/\/dev.viaduct.pro\/bikekeeper\/wp-content\/uploads\/2024\/02\/Bikemember-metrics-report-300x169.png"},{"@type":"BreadcrumbList","@id":"https:\/\/bikemember.no\/en\/syklistforeningen\/#breadcrumb","itemListElement":[{"@type":"ListItem","position":1,"name":"Home","item":"https:\/\/bikemember.no\/en\/front-page\/"},{"@type":"ListItem","position":2,"name":"Bli medlem i Syklistforeningen &#8211; f\u00e5 Bikemember p\u00e5 kj\u00f8pet"}]},{"@type":"WebSite","@id":"https:\/\/bikemember.no\/#website","url":"https:\/\/bikemember.no\/","name":"BikeMember","description":"Sykkelregister","publisher":{"@id":"https:\/\/bikemember.no\/#organization"},"potentialAction":[{"@type":"SearchAction","target":{"@type":"EntryPoint","urlTemplate":"https:\/\/bikemember.no\/?s={search_term_string}"},"query-input":{"@type":"PropertyValueSpecification","valueRequired":true,"valueName":"search_term_string"}}],"inLanguage":"en-US"},{"@type":"Organization","@id":"https:\/\/bikemember.no\/#organization","name":"Bikemember AS","url":"https:\/\/bikemember.no\/","logo":{"@type":"ImageObject","inLanguage":"en-US","@id":"https:\/\/bikemember.no\/#\/schema\/logo\/image\/","url":"https:\/\/bikemember.no\/wp-content\/uploads\/2017\/12\/BikeMember-logo.png","contentUrl":"https:\/\/bikemember.no\/wp-content\/uploads\/2017\/12\/BikeMember-logo.png","width":512,"height":512,"caption":"Bikemember AS"},"image":{"@id":"https:\/\/bikemember.no\/#\/schema\/logo\/image\/"}}]}},"jetpack_sharing_enabled":true,"_links":{"self":[{"href":"https:\/\/bikemember.no\/en\/wp-json\/wp\/v2\/pages\/213830","targetHints":{"allow":["GET"]}}],"collection":[{"href":"https:\/\/bikemember.no\/en\/wp-json\/wp\/v2\/pages"}],"about":[{"href":"https:\/\/bikemember.no\/en\/wp-json\/wp\/v2\/types\/page"}],"author":[{"embeddable":true,"href":"https:\/\/bikemember.no\/en\/wp-json\/wp\/v2\/users\/1"}],"replies":[{"embeddable":true,"href":"https:\/\/bikemember.no\/en\/wp-json\/wp\/v2\/comments?post=213830"}],"version-history":[{"count":0,"href":"https:\/\/bikemember.no\/en\/wp-json\/wp\/v2\/pages\/213830\/revisions"}],"wp:attachment":[{"href":"https:\/\/bikemember.no\/en\/wp-json\/wp\/v2\/media?parent=213830"}],"curies":[{"name":"wp","href":"https:\/\/api.w.org\/{rel}","templated":true}]}}